{"id":1194,"date":"2017-11-08T16:22:15","date_gmt":"2017-11-08T20:22:15","guid":{"rendered":"https:\/\/especialbes.com.co\/site\/?page_id=1194"},"modified":"2018-11-25T10:12:50","modified_gmt":"2018-11-25T14:12:50","slug":"la_empresa","status":"publish","type":"page","link":"http:\/\/especialbes.com.co\/site\/la_empresa\/","title":{"rendered":"La Empresa"},"content":{"rendered":"<p style=\"text-align: justify;\"><strong><img loading=\"lazy\" class=\"alignleft wp-image-2566 size-full\" style=\"border: 0.5px solid #000000;\" src=\"https:\/\/especialbes.com.co\/site\/wp-content\/uploads\/2018\/08\/FOTO_01.jpg\" alt=\"\" width=\"400\" height=\"260\" srcset=\"http:\/\/especialbes.com.co\/site\/wp-content\/uploads\/2018\/08\/FOTO_01.jpg 400w, http:\/\/especialbes.com.co\/site\/wp-content\/uploads\/2018\/08\/FOTO_01-300x195.jpg 300w, http:\/\/especialbes.com.co\/site\/wp-content\/uploads\/2018\/08\/FOTO_01-250x163.jpg 250w\" sizes=\"(max-width: 400px) 100vw, 400px\" \/>ESPECIALBES, C.A.<\/strong> es una empresa con presencia en Venezuela y Colombia, formada por un grupo de profesionales y t\u00e9cnicos venezolanos con una gran experiencia en la prestaci\u00f3n de servicios de mantenimiento, instalaci\u00f3n y desincorporaci\u00f3n de los sistemas de recuperaci\u00f3n de hidrocarburos (Sistema de Bombeo Electrosumergible) destinado a la industria Petrolera, entre sus experiencias se pueden comprobar en los \u00faltimos nueve (9) a\u00f1os: GE OIL &amp; GAS, Schlumberger, Borest de Venezuela, Halliburton de Venezuela, S.A., INPARK DRILLING FLUID y PETROQUIRIQUIRE.<\/p>\n<p style=\"text-align: justify;\">\u00a0Su personal gerencial y supervisorio est\u00e1 ampliamente calificado y cuenta\u00a0 con una amplia experiencia en la ejecuci\u00f3n de las siguientes \u00e1reas: instalaci\u00f3n, remoci\u00f3n, puesta en marcha y monitoreo de equipos de bombeo electrosumergible (BES), toma de nivel est\u00e1tico y din\u00e1mico de fluido,\u00a0 reparaci\u00f3n de tubing capilar, cables, protectores de cables\u00a0 y suministro e instalaci\u00f3n de material el\u00e9ctrico mec\u00e1nico e instrumentaci\u00f3n.<\/p>\n<h3 style=\"text-align: justify;\">Misi\u00f3n<\/h3>\n<p style=\"text-align: justify;\">Nuestra misi\u00f3n es la de ejecutar servicios de mantenimiento, instalaci\u00f3n, desincorporaci\u00f3n de los sistema de recuperaci\u00f3n de hidrocarburos (Sistema de Bombeo Electrosumergible) destinado para la Industria Petrolera, realizando nuestros trabajos de acuerdo a las especificaciones t\u00e9cnicas de los clientes, normas nacionales e internacionales aplicables, con calidad, seguridad y eficiencia, siendo nuestra mayor meta la de satisfacer totalmente los requisitos de nuestros clientes.<\/p>\n<h3 style=\"text-align: justify;\">Visi\u00f3n<\/h3>\n<p style=\"text-align: justify;\">Ser una empresa l\u00edder a nivel nacional en la ejecuci\u00f3n de\u00a0 trabajos de\u00a0\u00a0 sistema de\u00a0 Bombeo Electrosumergible para\u00a0 la Industria Petrolera, ofreciendo un personal altamente calificado en los diferentes ramos que ameriten los requerimientos de dichos trabajos y con la experiencia requerida para garantizar a nuestros clientes, el cumplimiento de los m\u00e1s altos est\u00e1ndares de seguridad y calidad que garanticen el tiempo estipulado.<\/p>\n<h3 style=\"text-align: justify;\">Pol\u00edticas de Seguridad<\/h3>\n<p style=\"text-align: justify;\"><img loading=\"lazy\" class=\"alignright wp-image-2399 size-full\" style=\"border: 0.5px solid #000000;\" src=\"https:\/\/especialbes.com.co\/site\/wp-content\/uploads\/2018\/05\/FOTO_02.jpg\" alt=\"\" width=\"400\" height=\"260\" srcset=\"http:\/\/especialbes.com.co\/site\/wp-content\/uploads\/2018\/05\/FOTO_02.jpg 400w, http:\/\/especialbes.com.co\/site\/wp-content\/uploads\/2018\/05\/FOTO_02-300x195.jpg 300w, http:\/\/especialbes.com.co\/site\/wp-content\/uploads\/2018\/05\/FOTO_02-250x163.jpg 250w\" sizes=\"(max-width: 400px) 100vw, 400px\" \/>En la empresa <strong>ESPECIALISTA EN BOMBEO ELECTROSUMERGIBLE, C.A.<\/strong>, estamos dedicados a todo lo relacionado con la prestaci\u00f3n de servicios de mantenimiento, instalaci\u00f3n, desincorporaci\u00f3n de los sistemas de recuperaci\u00f3n de hidrocarburos, entre otros, afianzada en el compromiso de desarrollar actividades que permitan preservar el medio ambiente, garantizando la seguridad y salud ocupacional de nuestros empleados, contratistas y comunidades vecinas de formas arm\u00f3nicas y balanceada; para ello la alta gerencia se compromete a implementar, cumplir y mantener un sistema de gesti\u00f3n integral de la calidad, seguridad, salud ocupacional y medio ambiente, impulsando programas sostenidos de educaci\u00f3n ambiental integral para promover una cultura que nos garantice un ambiente sano, seguro y ecol\u00f3gicamente equilibrado en los desarrollo de las actividades operacionales y administrativas, donde reconocemos el principio de que todos los accidentes se pueden prevenir, y promovemos activamente las m\u00e1s altas normas de concientizaci\u00f3n sobre seguridad y desempe\u00f1o de la Empresa.<\/p>\n<p style=\"text-align: justify;\">Reconocemos que es posible proteger al ambiente, al planificar las actividades operacionales y administrativas compatibles con el entorno, por medio del uso responsable de todos. Nuestra Empresa est\u00e1 comprometida con nuestros clientes para el mejoramiento contin\u00fao de sus procesos globales de salud, seguridad y ambiente, al tiempo que suministra productos y servicios de alta calidad y con responsabilidad hacia el entorno ecol\u00f3gico. Nuestro objetivo es tener el m\u00ednimo posible de accidentes, Lesiones, enfermedades ocupacionales y problemas ambientales.<\/p>\n<p style=\"text-align: justify;\">Esta pol\u00edtica requiere de la cooperaci\u00f3n interna aplicada a todos los asuntos ambientales, de salud, y de seguridad, no solamente entre el coordinador y los trabajadores sino tambi\u00e9n entre cada uno de los compa\u00f1eros de trabajo.<\/p>\n<p style=\"text-align: justify;\">Con el compromiso de la sana utilizaci\u00f3n del tiempo libre, descanso y turismo social, la inspecci\u00f3n y supervisi\u00f3n de las condiciones y medio ambiente de trabajo, la formaci\u00f3n, educaci\u00f3n y comunicaci\u00f3n en relaci\u00f3n con la promoci\u00f3n de la seguridad y salud en el trabajo, y la prevenci\u00f3n de los accidentes y las enfermedades ocupacionales, adem\u00e1s de la oportunidad y protecci\u00f3n de trabajo para las personas discapacitadas, ni\u00f1os, ni\u00f1as adolescentes y aprendices y la especial atenci\u00f3n de las mujeres embarazadas, el establecimiento de las bases y metodolog\u00eda de un sistema nacional automatizado de vigilancia epidemiol\u00f3gica,\u00a0\u00a0 con la finalidad de mejorar la calidad de vida del trabajador y trabajadora\u00a0 y sus familiares como un valor agregado al trabajo.<\/p>\n<h3 style=\"text-align: justify;\">Pol\u00edticas de Calidad<\/h3>\n<p style=\"text-align: justify;\"><strong>ESPECIALBES, C.A.<\/strong> suministra los servicios requeridos por la Industria Petrolera en el \u00e1rea de Sistema de Bombeo Electrosumergible, cumpliendo con los est\u00e1ndares de seguridad, dentro del marco regulatorio vigente, bajo un esquema de mejoramiento continuo de la eficacia del Sistema de Gesti\u00f3n de la Calidad para satisfacer las expectativas de sus Clientes, Accionistas, Trabajadores y Proveedores, contando con un personal capacitado y motivado en la implementaci\u00f3n y mantenimiento de dicho sistema.<\/p>\n<!-- AddThis Advanced Settings generic via filter on the_content --><!-- AddThis Share Buttons generic via filter on the_content -->","protected":false},"excerpt":{"rendered":"<p>ESPECIALBES, C.A. es una empresa con presencia en Venezuela y Colombia, formada por un grupo de profesionales y t\u00e9cnicos venezolanos con una gran experiencia en la prestaci\u00f3n de servicios de mantenimiento, instalaci\u00f3n y desincorporaci\u00f3n de los sistemas de recuperaci\u00f3n de hidrocarburos (Sistema de Bombeo Electrosumergible) destinado a la industria Petrolera, entre sus experiencias se pueden [&hellip;]<!-- AddThis Advanced Settings generic via filter on get_the_excerpt --><!-- AddThis Share Buttons generic via filter on get_the_excerpt --><\/p>\n","protected":false},"author":5,"featured_media":0,"parent":0,"menu_order":0,"comment_status":"closed","ping_status":"closed","template":"","meta":[],"_links":{"self":[{"href":"http:\/\/especialbes.com.co\/site\/wp-json\/wp\/v2\/pages\/1194"}],"collection":[{"href":"http:\/\/especialbes.com.co\/site\/wp-json\/wp\/v2\/pages"}],"about":[{"href":"http:\/\/especialbes.com.co\/site\/wp-json\/wp\/v2\/types\/page"}],"author":[{"embeddable":true,"href":"http:\/\/especialbes.com.co\/site\/wp-json\/wp\/v2\/users\/5"}],"replies":[{"embeddable":true,"href":"http:\/\/especialbes.com.co\/site\/wp-json\/wp\/v2\/comments?post=1194"}],"version-history":[{"count":0,"href":"http:\/\/especialbes.com.co\/site\/wp-json\/wp\/v2\/pages\/1194\/revisions"}],"wp:attachment":[{"href":"http:\/\/especialbes.com.co\/site\/wp-json\/wp\/v2\/media?parent=1194"}],"curies":[{"name":"wp","href":"https:\/\/api.w.org\/{rel}","templated":true}]}}