{"id":1652,"date":"2018-02-13T13:52:46","date_gmt":"2018-02-13T17:52:46","guid":{"rendered":"https:\/\/especialbes.com.co\/site\/?page_id=1652"},"modified":"2018-08-06T15:22:52","modified_gmt":"2018-08-06T19:22:52","slug":"reportar-transferencia","status":"publish","type":"page","link":"https:\/\/especialbes.com.co\/site\/reportar-transferencia\/","title":{"rendered":"Reportar Transferencia"},"content":{"rendered":"<h4>Aqu\u00ed podr\u00e1 notificar los pagos realizados por medio de Transferencia Electr\u00f3nica.<\/h4>\n<div role=\"form\" class=\"wpcf7\" id=\"wpcf7-f1651-o1\" lang=\"es-ES\" dir=\"ltr\">\n<div class=\"screen-reader-response\"><\/div>\n<form action=\"\/site\/wp-json\/wp\/v2\/pages\/1652#wpcf7-f1651-o1\" method=\"post\" class=\"wpcf7-form\" novalidate=\"novalidate\">\n<div style=\"display: none;\">\n<input type=\"hidden\" name=\"_wpcf7\" value=\"1651\" \/>\n<input type=\"hidden\" name=\"_wpcf7_version\" value=\"5.1.6\" \/>\n<input type=\"hidden\" name=\"_wpcf7_locale\" value=\"es_ES\" \/>\n<input type=\"hidden\" name=\"_wpcf7_unit_tag\" value=\"wpcf7-f1651-o1\" \/>\n<input type=\"hidden\" name=\"_wpcf7_container_post\" value=\"0\" \/>\n<\/div>\n<p>Su nombre completo (requerido)<br \/>\n    <span class=\"wpcf7-form-control-wrap your-name\"><input type=\"text\" name=\"your-name\" value=\"\" size=\"40\" class=\"wpcf7-form-control wpcf7-text wpcf7-validates-as-required\" aria-required=\"true\" aria-invalid=\"false\" \/><\/span> <\/p>\n<p>Empresa<br \/>\n    <span class=\"wpcf7-form-control-wrap Empresa\"><input type=\"text\" name=\"Empresa\" value=\"\" size=\"40\" class=\"wpcf7-form-control wpcf7-text wpcf7-validates-as-required\" aria-required=\"true\" aria-invalid=\"false\" \/><\/span> <\/p>\n<p>Su e-mail (requerido)<br \/>\n    <span class=\"wpcf7-form-control-wrap your-email\"><input type=\"email\" name=\"your-email\" value=\"\" size=\"40\" class=\"wpcf7-form-control wpcf7-text wpcf7-email wpcf7-validates-as-required wpcf7-validates-as-email\" aria-required=\"true\" aria-invalid=\"false\" \/><\/span> <\/p>\n<p>N\u00famero de Pedido que pago (requerido)<br \/>\n    <span class=\"wpcf7-form-control-wrap Pedido\"><input type=\"text\" name=\"Pedido\" value=\"\" size=\"40\" class=\"wpcf7-form-control wpcf7-text wpcf7-validates-as-required\" aria-required=\"true\" aria-invalid=\"false\" \/><\/span> <\/p>\n<p>Banco desde donde realizo la Transferencia (requerido)<br \/>\n    <span class=\"wpcf7-form-control-wrap Banco\"><input type=\"text\" name=\"Banco\" value=\"\" size=\"40\" class=\"wpcf7-form-control wpcf7-text wpcf7-validates-as-required\" aria-required=\"true\" aria-invalid=\"false\" \/><\/span><\/p>\n<p>N\u00famero de Referencia de la Transferencia (requerido)<br \/>\n    <span class=\"wpcf7-form-control-wrap Transaccion\"><input type=\"text\" name=\"Transaccion\" value=\"\" size=\"40\" class=\"wpcf7-form-control wpcf7-text wpcf7-validates-as-required\" aria-required=\"true\" aria-invalid=\"false\" \/><\/span> <\/p>\n<p>Fecha en que realizo la Transferencia (requerido)<br \/>\n    <span class=\"wpcf7-form-control-wrap date-850\"><input type=\"date\" name=\"date-850\" value=\"\" class=\"wpcf7-form-control wpcf7-date wpcf7-validates-as-required wpcf7-validates-as-date\" aria-required=\"true\" aria-invalid=\"false\" \/><\/span> <\/p>\n<p>Monto Transferido en Bs.(VEF) (requerido)<br \/>\n    <span class=\"wpcf7-form-control-wrap Monto\"><input type=\"text\" name=\"Monto\" value=\"\" size=\"40\" class=\"wpcf7-form-control wpcf7-text wpcf7-validates-as-required\" aria-required=\"true\" aria-invalid=\"false\" \/><\/span> <\/p>\n<p>Alg\u00fan Comentario<br \/>\n    <span class=\"wpcf7-form-control-wrap your-message\"><textarea name=\"your-message\" cols=\"40\" rows=\"10\" class=\"wpcf7-form-control wpcf7-textarea wpcf7-validates-as-required\" aria-required=\"true\" aria-invalid=\"false\"><\/textarea><\/span> <\/p>\n<p>[recaptcha]<\/p>\n<p><input type=\"submit\" value=\"Enviar\" class=\"wpcf7-form-control wpcf7-submit\" \/><\/p>\n<div class=\"wpcf7-response-output wpcf7-display-none\"><\/div><\/form><\/div>\n<!-- AddThis Advanced Settings generic via filter on the_content --><!-- AddThis Share Buttons generic via filter on the_content -->","protected":false},"excerpt":{"rendered":"<p>Aqu\u00ed podr\u00e1 notificar los pagos realizados por medio de Transferencia Electr\u00f3nica.<!-- AddThis Advanced Settings generic via filter on get_the_excerpt --><!-- AddThis Share Buttons generic via filter on get_the_excerpt --><\/p>\n","protected":false},"author":5,"featured_media":0,"parent":0,"menu_order":0,"comment_status":"closed","ping_status":"closed","template":"","meta":[],"_links":{"self":[{"href":"https:\/\/especialbes.com.co\/site\/wp-json\/wp\/v2\/pages\/1652"}],"collection":[{"href":"https:\/\/especialbes.com.co\/site\/wp-json\/wp\/v2\/pages"}],"about":[{"href":"https:\/\/especialbes.com.co\/site\/wp-json\/wp\/v2\/types\/page"}],"author":[{"embeddable":true,"href":"https:\/\/especialbes.com.co\/site\/wp-json\/wp\/v2\/users\/5"}],"replies":[{"embeddable":true,"href":"https:\/\/especialbes.com.co\/site\/wp-json\/wp\/v2\/comments?post=1652"}],"version-history":[{"count":0,"href":"https:\/\/especialbes.com.co\/site\/wp-json\/wp\/v2\/pages\/1652\/revisions"}],"wp:attachment":[{"href":"https:\/\/especialbes.com.co\/site\/wp-json\/wp\/v2\/media?parent=1652"}],"curies":[{"name":"wp","href":"https:\/\/api.w.org\/{rel}","templated":true}]}}